{"id":142,"date":"2017-04-29T11:16:00","date_gmt":"2017-04-29T11:16:00","guid":{"rendered":"http:\/\/hegegemeinschaft-arolsen.de\/?page_id=142"},"modified":"2017-04-29T11:20:05","modified_gmt":"2017-04-29T11:20:05","slug":"wildtiererfassung","status":"publish","type":"page","link":"https:\/\/hegegemeinschaft-arolsen.de\/?page_id=142","title":{"rendered":"Wildtiererfassung"},"content":{"rendered":"<p>Hasenmonitoring<\/p>\n<p><span style=\"color: #000000; font-family: Calibri;\">im Fr\u00fchjahr 2017 l\u00e4uft die 5. Fl\u00e4chendeckende Erhebung von jagdbaren Wildarten auch in Hessen. <\/span><span style=\"color: #000000; font-family: Calibri;\">Diese soll in diesem Fr\u00fchjahr zeit- und kostensparend auf elektronischem Wege \u00fcber die Hege<\/span><span style=\"color: #000000; font-family: Calibri;\">gemeinschaften durchgef\u00fchrt werden.<\/span><\/p>\n<p><span style=\"color: #000000; font-family: Calibri;\">Die Arbeit der Hegegemeinschaft wird mit einem F\u00f6rderbetrag von 200,00 \u20ac bezuschusst, wenn die erforderliche 20 % Feldfl\u00e4che gez\u00e4hlt und an den LJV gemeldet wird.<\/span><\/p>\n<p><a href=\"http:\/\/hegegemeinschaft-arolsen.de\/wp-content\/uploads\/2017\/04\/Erlass-Feldhasenmonitoring-2017960.pdf\">Erlass Feldhasenmonitoring 2017<\/a><\/p>\n<p><a href=\"http:\/\/hegegemeinschaft-arolsen.de\/wp-content\/uploads\/2017\/04\/mail-Anschreiben-an-HGL.pdf\">Anschreiben an HGL<\/a><\/p>\n<p><a href=\"http:\/\/hegegemeinschaft-arolsen.de\/wp-content\/uploads\/2017\/04\/Bogen_FE-2017.pdf\">Erfassungsbogen 2017<\/a><\/p>\n<p><a href=\"http:\/\/hegegemeinschaft-arolsen.de\/wp-content\/uploads\/2017\/04\/Hilfestellung-zum-Forlumar.pdf\">Hilfestellung zum Erfassungsbogen<\/a><\/p>\n<p>&nbsp;<\/p>\n","protected":false},"excerpt":{"rendered":"<p>Hasenmonitoring im Fr\u00fchjahr 2017 l\u00e4uft die 5. Fl\u00e4chendeckende Erhebung von jagdbaren Wildarten auch in Hessen. Diese soll in diesem Fr\u00fchjahr zeit- und kostensparend auf elektronischem Wege \u00fcber die Hegegemeinschaften durchgef\u00fchrt werden. Die Arbeit der Hegegemeinschaft wird mit einem F\u00f6rderbetrag von 200,00 \u20ac bezuschusst, wenn die erforderliche 20 % Feldfl\u00e4che gez\u00e4hlt und an den LJV gemeldet &hellip; <\/p>\n<p class=\"link-more\"><a href=\"https:\/\/hegegemeinschaft-arolsen.de\/?page_id=142\" class=\"more-link\"><span class=\"screen-reader-text\">\u201eWildtiererfassung\u201c<\/span> weiterlesen<\/a><\/p>\n","protected":false},"author":1,"featured_media":0,"parent":0,"menu_order":0,"comment_status":"closed","ping_status":"closed","template":"","meta":{"footnotes":""},"_links":{"self":[{"href":"https:\/\/hegegemeinschaft-arolsen.de\/index.php?rest_route=\/wp\/v2\/pages\/142"}],"collection":[{"href":"https:\/\/hegegemeinschaft-arolsen.de\/index.php?rest_route=\/wp\/v2\/pages"}],"about":[{"href":"https:\/\/hegegemeinschaft-arolsen.de\/index.php?rest_route=\/wp\/v2\/types\/page"}],"author":[{"embeddable":true,"href":"https:\/\/hegegemeinschaft-arolsen.de\/index.php?rest_route=\/wp\/v2\/users\/1"}],"replies":[{"embeddable":true,"href":"https:\/\/hegegemeinschaft-arolsen.de\/index.php?rest_route=%2Fwp%2Fv2%2Fcomments&post=142"}],"version-history":[{"count":4,"href":"https:\/\/hegegemeinschaft-arolsen.de\/index.php?rest_route=\/wp\/v2\/pages\/142\/revisions"}],"predecessor-version":[{"id":151,"href":"https:\/\/hegegemeinschaft-arolsen.de\/index.php?rest_route=\/wp\/v2\/pages\/142\/revisions\/151"}],"wp:attachment":[{"href":"https:\/\/hegegemeinschaft-arolsen.de\/index.php?rest_route=%2Fwp%2Fv2%2Fmedia&parent=142"}],"curies":[{"name":"wp","href":"https:\/\/api.w.org\/{rel}","templated":true}]}}